{"id":49,"date":"2019-05-28T07:27:17","date_gmt":"2019-05-28T07:27:17","guid":{"rendered":"http:\/\/afiniteteknikleri2019.idu.edu.tr\/?page_id=49"},"modified":"2019-07-04T15:42:07","modified_gmt":"2019-07-04T15:42:07","slug":"duzenleme-kurulu","status":"publish","type":"page","link":"https:\/\/afiniteteknikleri2019.idu.edu.tr\/index.php\/duzenleme-kurulu\/","title":{"rendered":"D\u00fczenleme Kurulu"},"content":{"rendered":"\n<h2 class=\"wp-block-heading\">                Onursal Ba\u015fkan<\/h2>\n\n\n\n<div class=\"wp-block-image\"><figure class=\"alignleft is-resized\"><img loading=\"lazy\" decoding=\"async\" src=\"http:\/\/afiniteteknikleri1.idu.edu.tr\/wp-content\/uploads\/2019\/07\/bedriye-tuncsiper.png\" alt=\"\" class=\"wp-image-227\" width=\"191\" height=\"210\" srcset=\"https:\/\/afiniteteknikleri2019.idu.edu.tr\/wp-content\/uploads\/2019\/07\/bedriye-tuncsiper.png 313w, https:\/\/afiniteteknikleri2019.idu.edu.tr\/wp-content\/uploads\/2019\/07\/bedriye-tuncsiper-273x300.png 273w\" sizes=\"auto, (max-width: 191px) 100vw, 191px\" \/><\/figure><\/div>\n\n\n\n<p>                                 Prof. Dr. Bedriye TUN\u00c7S\u0130PER, \u0130zmir Demokrasi \u00dcniversitesi Rekt\u00f6r\u00fc<\/p>\n\n\n\n<h2 class=\"wp-block-heading\">              D\u00fczenleme Kurulu<\/h2>\n\n\n\n<ul class=\"wp-block-list\"><li>                           Dr. Mustafa Kocakulak, \u0130zmir Demokrasi \u00dcniversitesi<\/li><li>                               Dr. Adil Denizli, Hacettepe \u00dcniversitesi<\/li><li>                               Dr. Sinan Akg\u00f6l, Ege \u00dcniversitesi<\/li><li>                               Dr. Nalan T\u00fczmen, Dokuz Eyl\u00fcl \u00dcniversitesi<\/li><li>                             Dr. Kevser Ku\u015fat Ol, T\u00fcrkiye \u0130la\u00e7 ve T\u0131bbi Cihaz Kurumu<\/li><\/ul>\n","protected":false},"excerpt":{"rendered":"<p>Onursal Ba\u015fkan Prof. Dr. Bedriye TUN\u00c7S\u0130PER, \u0130zmir Demokrasi \u00dcniversitesi Rekt\u00f6r\u00fc D\u00fczenleme Kurulu Dr. Mustafa Kocakulak, \u0130zmir Demokrasi \u00dcniversitesi Dr. Adil Denizli, Hacettepe \u00dcniversitesi Dr. Sinan Akg\u00f6l, Ege \u00dcniversitesi Dr. Nalan T\u00fczmen, Dokuz Eyl\u00fcl \u00dcniversitesi Dr. Kevser Ku\u015fat Ol, T\u00fcrkiye \u0130la\u00e7 ve T\u0131bbi Cihaz Kurumu<\/p>\n","protected":false},"author":1,"featured_media":0,"parent":0,"menu_order":0,"comment_status":"closed","ping_status":"closed","template":"","meta":{"footnotes":""},"class_list":["post-49","page","type-page","status-publish","hentry"],"_links":{"self":[{"href":"https:\/\/afiniteteknikleri2019.idu.edu.tr\/index.php\/wp-json\/wp\/v2\/pages\/49","targetHints":{"allow":["GET"]}}],"collection":[{"href":"https:\/\/afiniteteknikleri2019.idu.edu.tr\/index.php\/wp-json\/wp\/v2\/pages"}],"about":[{"href":"https:\/\/afiniteteknikleri2019.idu.edu.tr\/index.php\/wp-json\/wp\/v2\/types\/page"}],"author":[{"embeddable":true,"href":"https:\/\/afiniteteknikleri2019.idu.edu.tr\/index.php\/wp-json\/wp\/v2\/users\/1"}],"replies":[{"embeddable":true,"href":"https:\/\/afiniteteknikleri2019.idu.edu.tr\/index.php\/wp-json\/wp\/v2\/comments?post=49"}],"version-history":[{"count":11,"href":"https:\/\/afiniteteknikleri2019.idu.edu.tr\/index.php\/wp-json\/wp\/v2\/pages\/49\/revisions"}],"predecessor-version":[{"id":262,"href":"https:\/\/afiniteteknikleri2019.idu.edu.tr\/index.php\/wp-json\/wp\/v2\/pages\/49\/revisions\/262"}],"wp:attachment":[{"href":"https:\/\/afiniteteknikleri2019.idu.edu.tr\/index.php\/wp-json\/wp\/v2\/media?parent=49"}],"curies":[{"name":"wp","href":"https:\/\/api.w.org\/{rel}","templated":true}]}}