{"id":48,"date":"2019-05-28T07:27:17","date_gmt":"2019-05-28T07:27:17","guid":{"rendered":"http:\/\/afiniteteknikleri2019.idu.edu.tr\/?page_id=48"},"modified":"2019-07-29T10:58:38","modified_gmt":"2019-07-29T10:58:38","slug":"bilim-kurulu","status":"publish","type":"page","link":"https:\/\/afiniteteknikleri2019.idu.edu.tr\/index.php\/bilim-kurulu\/","title":{"rendered":"Bilim Kurulu"},"content":{"rendered":"\n<table class=\"wp-block-table has-fixed-layout is-style-stripes\"><tbody><tr><td>\n  <strong>\u00dcNVANI<\/strong>\n  <\/td><td><strong>ADI SOYADI      <\/strong><\/td><td><strong>    KURUM<\/strong><\/td><td>        <strong>B\u00d6L\u00dcM<\/strong>   <\/td><\/tr><tr><td>\n  Prof.\n  Dr.\n  <\/td><td>\n  Adil\n  Denizli\n  <\/td><td>      Hacettepe   <br>    \u00dcniversitesi   <\/td><td>\n  Fen\n  Fak\u00fcltesi Kimya B\u00f6l\u00fcm\u00fc\n  <\/td><\/tr><tr><td>\n  Prof.\n  Dr.\n  <\/td><td>\n  Arzu\n  Ers\u00f6z\n  <\/td><td> Eski\u015fehir   Teknik    <br>     \u00dcniversitesi   <\/td><td>   Fen   Fak\u00fcltesi \/ Kimya B\u00f6l\u00fcm\u00fc \/Biyokimya Anabilim Dal\u0131   <\/td><\/tr><tr><td>\n  Prof.\n  Dr.\n  <\/td><td>   Deniz   Akta\u015f <br>        Uygun   <\/td><td> Adnan   Menderes<br>     \u00dcniversitesi   <\/td><td>\n  Fen Fak\u00fcltesi \/ Kimya B\u00f6l\u00fcm\u00fc \/ Biyokimya Anabilim Dal\u0131\n  <\/td><\/tr><tr><td>\n  Prof.\n  Dr.\n  <\/td><td>\n  Hakan\n  Ayhan\n  <\/td><td>Mu\u011fla \u00dcniversitesi   <\/td><td>\n  Fen\n  Fak\u00fcltesi \/ Kimya B\u00f6l\u00fcm\u00fc\n  <\/td><\/tr><tr><td>\n  Prof.\n  Dr.\n  <\/td><td>   Handan   Yavuz           <br>       Alag\u00f6z   <\/td><td>        Hacettepe   <br>      \u00dcniversitesi   <\/td><td>\n  Fen\n  Fak\u00fcltesi \/ Kimya B\u00f6l\u00fcm\u00fc \/ Biyokimya Anabilim Dal\u0131\n  <\/td><\/tr><tr><td>\n  Prof.\n  Dr.\n  <\/td><td>   H\u00fclya   Ayar <br>        Kayal\u0131   <\/td><td>     Dokuz   Eyl\u00fcl <br>      \u00dcniversitesi   <\/td><td>\n  \u0130zmir\n  Biyot\u0131p ve Genom Merkezi\n  <\/td><\/tr><tr><td>\n  Prof.\n  Dr.\n  <\/td><td>\n  Kadir\n  Yurdako\u00e7\n  <\/td><td>    Dokuz   Eyl\u00fcl<br>      \u00dcniversitesi   <\/td><td>\n  FEN\n  FAK\u00dcLTES\u0130 K\u0130MYA B\u00d6L\u00dcM\u00dc F\u0130Z\u0130KOK\u0130MYA ANAB\u0130L\u0130M DALI\n  <\/td><\/tr><tr><td>    Prof.   Dr. <\/td><td>    Lokman Uzun    <\/td><td>    Hacettepe   <br>    \u00dcniversitesi    <\/td><td>    Fen   Fak\u00fcltesi Kimya B\u00f6l\u00fcm\u00fc    <\/td><\/tr><tr><td>   Prof.   Dr.<\/td><td>Mustafa Kocakulak<\/td><td>   \u0130zmir Demokrasi \u00dcniversitesi<\/td><td>M\u00fchendislik Fak\u00fcltesi \/ Biyomedikal M\u00fchendisli\u011fi B\u00f6l\u00fcm\u00fc<\/td><\/tr><tr><td>\n  Prof.\n  Dr. \n  <\/td><td>\n  Nalan\n  T\u00fczmen\n  <\/td><td>     Dokuz   Eyl\u00fcl <br>      \u00dcniversitesi   <\/td><td>\n  FEN\n  FAK\u00dcLTES\u0130 K\u0130MYA B\u00d6L\u00dcM\u00dc B\u0130YOK\u0130MYA ANAB\u0130L\u0130M DALI\n  <\/td><\/tr><tr><td>\n  Prof.\n  Dr.\n  <\/td><td>\n  Necati\n  Be\u015firli \n  <\/td><td>         Uluda\u011f  <br>      \u00dcniversitesi   <\/td><td>\n  Fen\n  Fak\u00fcltesi \/ Kimya B\u00f6l\u00fcm\u00fc\n  <\/td><\/tr><tr><td>\n  Prof.\n  Dr. \n  <\/td><td>\n  Oktay\n  Arslan\n  <\/td><td>        Bal\u0131kesir   <br>      \u00dcniversitesi   <\/td><td>\n  Fen-Edebiyat Fak\u00fcltesi \n  Kimya B\u00f6l\u00fcm\u00fc \n  Biyokimya\n  Anabilim Dal\u0131\n  <\/td><\/tr><tr><td>   Prof.   Dr.   <\/td><td>\n  Sinan\n  Akg\u00f6l\n  <\/td><td>\n  Ege\n  \u00dcniversitesi\n  <\/td><td>\n  Fen\n  Fak\u00fcltesi \/ Biyokimya B\u00f6l\u00fcm\u00fc\n  <\/td><\/tr><tr><td>\n  Prof.\n  Dr.\n  <\/td><td>\n  Z\u00fcbeyde Baysal&nbsp; \n  <\/td><td>Dicle   \u00dcniversitesi   <\/td><td>\n  Fen\n  Fak\u00fcltesi \/ Kimya B\u00f6l\u00fcm\u00fc\n  <\/td><\/tr><tr><td>\n  Do\u00e7.\n  Dr.\n  <\/td><td>\n  Bilgen Osman\n  <\/td><td>        Uluda\u011f  <br>    \u00dcniversitesi   <\/td><td>\n  Fen\n  Edebiyat Fak\u00fcltesi Kimya B\u00f6l\u00fcm\u00fc\n  <\/td><\/tr><tr><td>   Do\u00e7.   Dr.   <\/td><td>\n  Deniz T\u00fcrkmen\n  <\/td><td>      Hacettepe   <br>    \u00dcniversitesi   <\/td><td>\n  Fen\n  Fak\u00fcltesi Kimya B\u00f6l\u00fcm\u00fc\n  <\/td><\/tr><tr><td>\n  Do\u00e7.\n  Dr.\n  <\/td><td>   G\u00f6zde Baydemir        <br>          Pe\u015fint   <\/td><td>  Adana   Bilim ve <br>      Teknoloji                        <br>    \u00dcniversitesi   <\/td><td>\n  M\u00fchendislik\n  Fak\u00fcltesi Biyom\u00fchendislik B\u00f6l\u00fcm\u00fc\n  <\/td><\/tr><tr><td>\n  Do\u00e7.\n  Dr.\n  <\/td><td>\n  I\u015f\u0131k Per\u00e7in\n  <\/td><td>       Hacettepe   <br>     \u00dcniversitesi   <\/td><td>\n  Fen\n  Fak\u00fcltesi Biyoloji B\u00f6l\u00fcm\u00fc\n  <\/td><\/tr><tr><td>\n  Do\u00e7.\n  Dr.\n  <\/td><td>\n  Murat Uygun\n  <\/td><td>  Adnan   Menderes          <br>      \u00dcniversitesi   <\/td><td>\n  Fen-Edebiyat Fak\u00fcltesi \n  Kimya B\u00f6l\u00fcm\u00fc \n  Biyokimya\n  Anabilim Dal\u0131\n  <\/td><\/tr><tr><td>\n  Do\u00e7.\n  Dr. \n  <\/td><td>   M\u00fcge Anda\u00e7 <br>        \u00d6zdil   <\/td><td>        Hacettepe   <br>      \u00dcniversitesi   <\/td><td>\n  Fen\n  Fak\u00fcltesi \/ Kimya B\u00f6l\u00fcm\u00fc\n  <\/td><\/tr><tr><td>\n  Do\u00e7.\n  Dr.\n  <\/td><td>\n  Nilay Bereli \n  <\/td><td>       Hacettepe   <br>    \u00dcniversitesi   <\/td><td>\n  Fen\n  Fak\u00fcltesi \/ Kimya B\u00f6l\u00fcm\u00fc\n  <\/td><\/tr><tr><td>\n  Do\u00e7.\n  Dr.\n  <\/td><td>\n  M. Emin \u00c7orman\n  <\/td><td>         Sinop   <br>    \u00dcniversitesi   <\/td><td>\n  Fen\n  Fak\u00fcltesi \/ Kimya B\u00f6l\u00fcm\u00fc\n  <\/td><\/tr><tr><td>\n  Dr.\n  \u00d6\u011fr. \u00dcyesi\n  <\/td><td>\n  Fatma Y\u0131lmaz\n  <\/td><td>   Abant   \u0130zzet <br>Baysal \u00dcniversitesi   <\/td><td>\n  Kimya\n  ve Kimyasal \u0130\u015fleme Teknolojisi\n  <\/td><\/tr><tr><td>\n  Dr.\u00d6\u011fr.\n  \u00dcyesi\n  <\/td><td>\n  S\u00fcleyman A\u015f\u0131r\n  <\/td><td>   Yak\u0131n   Do\u011fu <br>    \u00dcniversitesi   <\/td><td>\n  Fen\n  Fak\u00fcltesi Kimya B\u00f6l\u00fcm\u00fc\n  <\/td><\/tr><tr><td>           Dr.   <\/td><td>   Ali DERZSHAMSHIR&nbsp;    <\/td><td>      Hacettepe   <br>    \u00dcniversitesi   <\/td><td>\n  Fen\n  Fak\u00fcltesi Kimya B\u00f6l\u00fcm\u00fc\n  <\/td><\/tr><tr><td>          Dr.   <\/td><td>\n  Aykut Arif Top\u00e7u\n  <\/td><td>      Aksaray   <br>    \u00dcniversitesi   <\/td><td>\n  Fen\n  Fak\u00fcltesi Kimya B\u00f6l\u00fcm\u00fc\n  <\/td><\/tr><tr><td>          Dr.   <\/td><td>\n  Canan Armut\u00e7u\n  <\/td><td>     Hacettepe  <br>   \u00dcniversitesi   <\/td><td>\n  Fen\n  Fak\u00fcltesi Kimya B\u00f6l\u00fcm\u00fc\n  <\/td><\/tr><tr><td>          Dr.   <\/td><td>\n  Duygu \u00c7imen\n  <\/td><td>     Hacettepe   <br>   \u00dcniversitesi   <\/td><td>\n  Fen\n  Fak\u00fcltesi Kimya B\u00f6l\u00fcm\u00fc\n  <\/td><\/tr><tr><td>          Dr.   <\/td><td>\n  Emel Tamahkar\n  <\/td><td>  Hitit   \u00dcniversitesi   <\/td><td>\n  M\u00fchendislik\n  Fak\u00fcltesi Kimya M\u00fchendisli\u011fi\n  <\/td><\/tr><tr><td>          Dr.   <\/td><td>\n  Erdo\u011fan \u00d6zg\u00fcr\n  <\/td><td>        Aksaray   <br>     \u00dcniversitesi   <\/td><td>\n  &nbsp;\n  <\/td><\/tr><tr><td>         Dr.   <\/td><td>\n  Ilg\u0131m G\u00f6kt\u00fcrk\n  <\/td><td>      Hacettepe   <br>    \u00dcniversitesi   <\/td><td>\n  &nbsp;\n  <\/td><\/tr><tr><td>         Dr.   <\/td><td>\n  \u0130lker Ko\u00e7\n  <\/td><td>      Hacettepe   <br>    \u00dcniversitesi   <\/td><td>\n  &nbsp;\n  <\/td><\/tr><tr><td>        Dr.<\/td><td><br> Kevser Ku\u015fat Ol    <\/td><td> <br>T\u00fcrkiye   \u0130la\u00e7 ve <br>     T\u0131bbi Cihaz <br>        Kurumu    <\/td><td> <br>  Destek   Hizmetleri ve Bilgi Y\u00f6netimi Ba\u015fkan Yard\u0131mc\u0131l\u0131\u011f\u0131    <\/td><\/tr><tr><td>         Dr.   <\/td><td>\n  Koray \u015earkaya\n  <\/td><td>        D\u00fczce   <br>   \u00dcniversitesi   <\/td><td>   \u00a0   <br><br><\/td><\/tr><tr><td>         Dr.<\/td><td> Koray Eyison<\/td><td>Sa\u011fl\u0131k Bilimleri \u00dcniversitesi<\/td><td><\/td><\/tr><tr><td>         Dr.   <\/td><td>   Monireh <br>BAKHSHPOUR&nbsp;    <\/td><td>     Hacettepe   <br>    \u00dcniversitesi   <\/td><td>\n  Fen\n  Fak\u00fcltesi Kimya B\u00f6l\u00fcm\u00fc\n  <\/td><\/tr><tr><td>         Dr.   <\/td><td>\n  Neslihan \u0130dil\n  <\/td><td>     Hacettepe   <br>   \u00dcniversitesi   <\/td><td>\n  Fen\n  Fak\u00fcltesi Biyoloji B\u00f6l\u00fcm\u00fc\n  <\/td><\/tr><tr><td>         Dr.   <\/td><td> \u00d6znur G\u00f6kay Saka   <\/td><td>     Hacettepe  <br>    \u00dcniversitesi   <\/td><td>\n  &nbsp;\n  <\/td><\/tr><tr><td>        Dr.   <\/td><td>   Sevgi Asl\u0131y\u00fcce <br>        \u00c7oban   <\/td><td>      Hacettepe   <br>    \u00dcniversitesi   <\/td><td>\n  Fen\n  Fak\u00fcltesi Kimya B\u00f6l\u00fcm\u00fc\n  <\/td><\/tr><tr><td>        Dr.   <\/td><td>\n  Ye\u015feren Saylan\n  <\/td><td>     Hacettepe  <br>    \u00dcniversitesi   <\/td><td>\n  Fen\n  Fak\u00fcltesi Kimya B\u00f6l\u00fcm\u00fc\n  <\/td><\/tr><\/tbody><\/table>\n","protected":false},"excerpt":{"rendered":"<p>\u00dcNVANI ADI SOYADI KURUM B\u00d6L\u00dcM Prof. Dr. Adil Denizli Hacettepe \u00dcniversitesi Fen Fak\u00fcltesi Kimya B\u00f6l\u00fcm\u00fc Prof. Dr. Arzu Ers\u00f6z Eski\u015fehir Teknik \u00dcniversitesi Fen Fak\u00fcltesi \/ Kimya B\u00f6l\u00fcm\u00fc \/Biyokimya Anabilim Dal\u0131 Prof. Dr. Deniz Akta\u015f Uygun Adnan Menderes \u00dcniversitesi Fen Fak\u00fcltesi \/ Kimya B\u00f6l\u00fcm\u00fc \/ Biyokimya Anabilim Dal\u0131 Prof. Dr. Hakan Ayhan Mu\u011fla \u00dcniversitesi Fen Fak\u00fcltesi&hellip; <br \/> <a class=\"read-more\" href=\"https:\/\/afiniteteknikleri2019.idu.edu.tr\/index.php\/bilim-kurulu\/\">Read more<\/a><\/p>\n","protected":false},"author":1,"featured_media":0,"parent":0,"menu_order":0,"comment_status":"closed","ping_status":"closed","template":"","meta":{"footnotes":""},"class_list":["post-48","page","type-page","status-publish","hentry"],"_links":{"self":[{"href":"https:\/\/afiniteteknikleri2019.idu.edu.tr\/index.php\/wp-json\/wp\/v2\/pages\/48","targetHints":{"allow":["GET"]}}],"collection":[{"href":"https:\/\/afiniteteknikleri2019.idu.edu.tr\/index.php\/wp-json\/wp\/v2\/pages"}],"about":[{"href":"https:\/\/afiniteteknikleri2019.idu.edu.tr\/index.php\/wp-json\/wp\/v2\/types\/page"}],"author":[{"embeddable":true,"href":"https:\/\/afiniteteknikleri2019.idu.edu.tr\/index.php\/wp-json\/wp\/v2\/users\/1"}],"replies":[{"embeddable":true,"href":"https:\/\/afiniteteknikleri2019.idu.edu.tr\/index.php\/wp-json\/wp\/v2\/comments?post=48"}],"version-history":[{"count":8,"href":"https:\/\/afiniteteknikleri2019.idu.edu.tr\/index.php\/wp-json\/wp\/v2\/pages\/48\/revisions"}],"predecessor-version":[{"id":285,"href":"https:\/\/afiniteteknikleri2019.idu.edu.tr\/index.php\/wp-json\/wp\/v2\/pages\/48\/revisions\/285"}],"wp:attachment":[{"href":"https:\/\/afiniteteknikleri2019.idu.edu.tr\/index.php\/wp-json\/wp\/v2\/media?parent=48"}],"curies":[{"name":"wp","href":"https:\/\/api.w.org\/{rel}","templated":true}]}}