{"id":195,"date":"2019-06-25T11:07:39","date_gmt":"2019-06-25T11:07:39","guid":{"rendered":"http:\/\/afiniteteknikleri2019.idu.edu.tr\/?page_id=195"},"modified":"2019-08-20T10:38:54","modified_gmt":"2019-08-20T10:38:54","slug":"sosyal-etkinlik-programi","status":"publish","type":"page","link":"https:\/\/afiniteteknikleri2019.idu.edu.tr\/index.php\/sosyal-etkinlik-programi\/","title":{"rendered":"Sosyal Etkinlik Program\u0131"},"content":{"rendered":"\n<p style=\"text-align:center\"> Kay\u0131t i\u00e7in a\u015fa\u011f\u0131daki linke t\u0131klad\u0131ktan sonra gelen formu doldurup, ard\u0131ndan sitenin  kay\u0131t k\u0131sm\u0131nda verilen Hesap\/IBAN numaras\u0131na &nbsp;a\u00e7\u0131klama k\u0131sm\u0131na <strong><em>ad-soyad\u0131n\u0131z\u0131&nbsp;<\/em><\/strong>yazarak kay\u0131t, konaklama, gala yeme\u011fi, sak\u0131z adas\u0131 turu \u00fccretleri yat\u0131r\u0131l\u0131p banka dekontu afiniteteknikleri2019@idu.edu.tr mail adresine g\u00f6nderilmelidir. <\/p>\n\n\n\n<div class=\"wp-block-button aligncenter\"><a class=\"wp-block-button__link\" href=\"https:\/\/docs.google.com\/forms\/d\/e\/1FAIpQLSeiuolevvXg_KsbGUL1IuQ13BNtrDZrMOk0sYEwwURjHnMz2Q\/viewform?usp=sf_link\">KAYIT&nbsp;<\/a><\/div>\n\n\n\n<table class=\"wp-block-table\"><tbody><tr><td>5 Eyl\u00fcl Per\u015fembe<\/td><td>Gala Yeme\u011fi (Da\u011fl\u0131 Restaurant) <br><a href=\"https:\/\/dagl-mangal-kendin-pisir-kendin-ye.business.site\/\">https:\/\/dagl-mangal-kendin-pisir-kendin-ye.business.site\/<\/a> <br>Tarihi Asans\u00f6r ve Agora Gezisi<\/td><\/tr><tr><td>7 Eyl\u00fcl Cumartesi<\/td><td>Sak\u0131z Adas\u0131 Gezisi  <br><a href=\"https:\/\/www.erturk.com.tr\/tr\">https:\/\/www.erturk.com.tr\/tr<\/a> <br>(Sosyal etkinlik program\u0131 \u00e7er\u00e7evesinde d\u00fczenlenecek olan geziye kat\u0131l\u0131m i\u00e7in son kay\u0131t ve yap\u0131lan \u00f6demelere ait dekontlar\u0131n afiniteteknikleri@idu.edu.tr adresine g\u00f6nderim tarihi 23 A\u011fustos 2019&#8242; dur. )<\/td><\/tr><\/tbody><\/table>\n\n\n\n<ul class=\"wp-block-gallery columns-2 is-cropped wp-block-gallery-1 is-layout-flex wp-block-gallery-is-layout-flex\"><li class=\"blocks-gallery-item\"><figure><img loading=\"lazy\" decoding=\"async\" width=\"768\" height=\"768\" src=\"http:\/\/afiniteteknikleri1.idu.edu.tr\/wp-content\/uploads\/2019\/06\/2016-09-01-2.jpg\" alt=\"\" data-id=\"206\" data-link=\"http:\/\/afiniteteknikleri1.idu.edu.tr\/index.php\/sosyal-etkinlik-programi\/2016-09-01-3\/\" class=\"wp-image-206\" srcset=\"https:\/\/afiniteteknikleri2019.idu.edu.tr\/wp-content\/uploads\/2019\/06\/2016-09-01-2.jpg 768w, https:\/\/afiniteteknikleri2019.idu.edu.tr\/wp-content\/uploads\/2019\/06\/2016-09-01-2-150x150.jpg 150w, https:\/\/afiniteteknikleri2019.idu.edu.tr\/wp-content\/uploads\/2019\/06\/2016-09-01-2-300x300.jpg 300w\" sizes=\"auto, (max-width: 768px) 100vw, 768px\" \/><figcaption><strong>Da\u011fl\u0131 Restaurant<\/strong><\/figcaption><\/figure><\/li><li class=\"blocks-gallery-item\"><figure><img loading=\"lazy\" decoding=\"async\" width=\"752\" height=\"395\" src=\"http:\/\/afiniteteknikleri1.idu.edu.tr\/wp-content\/uploads\/2019\/06\/sak\u0131z-adas\u0131.jpeg\" alt=\"\" data-id=\"207\" data-link=\"http:\/\/afiniteteknikleri1.idu.edu.tr\/index.php\/sosyal-etkinlik-programi\/sakiz-adasi\/\" class=\"wp-image-207\" srcset=\"https:\/\/afiniteteknikleri2019.idu.edu.tr\/wp-content\/uploads\/2019\/06\/sak\u0131z-adas\u0131.jpeg 752w, https:\/\/afiniteteknikleri2019.idu.edu.tr\/wp-content\/uploads\/2019\/06\/sak\u0131z-adas\u0131-300x158.jpeg 300w\" sizes=\"auto, (max-width: 752px) 100vw, 752px\" \/><figcaption><strong>Sak\u0131z Adas\u0131<\/strong><\/figcaption><\/figure><\/li><\/ul>\n\n\n\n<p>Gala Yeme\u011fi \u00fccreti ki\u015fi ba\u015f\u0131 35 TL olup 2 \u00e7e\u015fit meze, su ve mangal dahildir. Et \u00fcr\u00fcnleri ve i\u00e7ecekler market fiyatlar\u0131ndan sat\u0131lmaktad\u0131r. D\u0131\u015far\u0131dan yiyecek ve i\u00e7ecek getirilebilmektedir.<\/p>\n\n\n\n<p>Tarihi asans\u00f6r ve Agora gezisi \u00fccretsiz olup, belirtilen tarihte d\u00fczenlenecektir.<\/p>\n\n\n\n<p>Sak\u0131z adas\u0131 gezisi tabloda linki verilen Erturk Lines \u015firketi arc\u0131l\u0131\u011f\u0131 ile yap\u0131lacakt\u0131r. Gezi fiyat\u0131 ki\u015fi ba\u015f\u0131 50 \u20ac&#8217;dur.<\/p>\n","protected":false},"excerpt":{"rendered":"<p>Kay\u0131t i\u00e7in a\u015fa\u011f\u0131daki linke t\u0131klad\u0131ktan sonra gelen formu doldurup, ard\u0131ndan sitenin kay\u0131t k\u0131sm\u0131nda verilen Hesap\/IBAN numaras\u0131na &nbsp;a\u00e7\u0131klama k\u0131sm\u0131na ad-soyad\u0131n\u0131z\u0131&nbsp;yazarak kay\u0131t, konaklama, gala yeme\u011fi, sak\u0131z adas\u0131 turu \u00fccretleri yat\u0131r\u0131l\u0131p banka dekontu afiniteteknikleri2019@idu.edu.tr mail adresine g\u00f6nderilmelidir. 5 Eyl\u00fcl Per\u015fembe Gala Yeme\u011fi (Da\u011fl\u0131 Restaurant) https:\/\/dagl-mangal-kendin-pisir-kendin-ye.business.site\/ Tarihi Asans\u00f6r ve Agora Gezisi 7 Eyl\u00fcl Cumartesi Sak\u0131z Adas\u0131 Gezisi https:\/\/www.erturk.com.tr\/tr (Sosyal&hellip; <br \/> <a class=\"read-more\" href=\"https:\/\/afiniteteknikleri2019.idu.edu.tr\/index.php\/sosyal-etkinlik-programi\/\">Read more<\/a><\/p>\n","protected":false},"author":1,"featured_media":0,"parent":0,"menu_order":0,"comment_status":"closed","ping_status":"closed","template":"","meta":{"footnotes":""},"class_list":["post-195","page","type-page","status-publish","hentry"],"_links":{"self":[{"href":"https:\/\/afiniteteknikleri2019.idu.edu.tr\/index.php\/wp-json\/wp\/v2\/pages\/195","targetHints":{"allow":["GET"]}}],"collection":[{"href":"https:\/\/afiniteteknikleri2019.idu.edu.tr\/index.php\/wp-json\/wp\/v2\/pages"}],"about":[{"href":"https:\/\/afiniteteknikleri2019.idu.edu.tr\/index.php\/wp-json\/wp\/v2\/types\/page"}],"author":[{"embeddable":true,"href":"https:\/\/afiniteteknikleri2019.idu.edu.tr\/index.php\/wp-json\/wp\/v2\/users\/1"}],"replies":[{"embeddable":true,"href":"https:\/\/afiniteteknikleri2019.idu.edu.tr\/index.php\/wp-json\/wp\/v2\/comments?post=195"}],"version-history":[{"count":15,"href":"https:\/\/afiniteteknikleri2019.idu.edu.tr\/index.php\/wp-json\/wp\/v2\/pages\/195\/revisions"}],"predecessor-version":[{"id":307,"href":"https:\/\/afiniteteknikleri2019.idu.edu.tr\/index.php\/wp-json\/wp\/v2\/pages\/195\/revisions\/307"}],"wp:attachment":[{"href":"https:\/\/afiniteteknikleri2019.idu.edu.tr\/index.php\/wp-json\/wp\/v2\/media?parent=195"}],"curies":[{"name":"wp","href":"https:\/\/api.w.org\/{rel}","templated":true}]}}