{"id":15,"date":"2019-04-30T11:38:59","date_gmt":"2019-04-30T11:38:59","guid":{"rendered":"http:\/\/afiniteteknikleri2019.idu.edu.tr\/index.php\/mesmerize\/"},"modified":"2025-03-24T09:21:50","modified_gmt":"2025-03-24T09:21:50","slug":"mesmerize","status":"publish","type":"page","link":"https:\/\/afiniteteknikleri2019.idu.edu.tr\/","title":{"rendered":"Ana Sayfa"},"content":{"rendered":"<div  id=\"content-3\" class=\"content-12 content-section content-section-spacing\" style=\"background-color: #f5fafd;\" data-label=\"Content\" data-id=\"content--3\" data-export-id=\"content-12\" data-category=\"content\">\n<div  class=\"gridContainer\">\n<div  class=\"row text-center\">\n<div  class=\"section-title-col\" data-type=\"column\">\n\n\n\n<p  style=\"padding-left: 40px;\" class=\"\">Sizi \u0130zmir Demokrasi \u00dcniversitesi, Ege \u00dcniversitesi, Dokuz Eyl\u00fcl \u00dcniversitesi ve Hacettepe \u00dcniversitesi katk\u0131lar\u0131 ile bu y\u0131l 13.\u2019s\u00fc d\u00fczenlenen Ulusal Afinite Teknikleri Kongresine bekliyoruz !<\/p>\n<p  style=\"padding-left: 40px;\" class=\"\">4-6 Eyl\u00fcl 2019 tarihlerinde 13. Ulusal Afinite Teknikleri Kongresi etkinli\u011finin d\u00fczenlenmesini planlamaktay\u0131z.<\/p>\n<p  style=\"padding-left: 40px;\" class=\"\">Etkinlik kapsam\u0131nda, sadece fen, t\u0131p, m\u00fchendislik b\u00f6l\u00fcmlerinde de\u011fil geni\u015f perspektifte ara\u015ft\u0131rma konular\u0131nda \u00e7al\u0131\u015fan farkl\u0131 \u00fcniversitelerden bilim insanlar\u0131n\u0131n bilgi ve fikir al\u0131\u015fveri\u015flerini ger\u00e7ekle\u015ftirece\u011fi bir atmosfer yaratmay\u0131 ama\u00e7lamaktay\u0131z.<\/p>\n<p  style=\"padding-left: 40px;\" class=\"\">G\u00fcn\u00fcm\u00fczde &nbsp;ileri afinite teknikleri kullan\u0131m\u0131n\u0131n giderek artt\u0131\u011f\u0131 d\u00fc\u015f\u00fcn\u00fcld\u00fc\u011f\u00fcnde, g\u00fcncel afinite teknikleri ve \u00e7e\u015fitli sekt\u00f6rlerdeki uygulamalar\u0131n\u0131n tart\u0131\u015f\u0131laca\u011f\u0131 bu bilimsel etkinli\u011fin, ilgili alandaki geli\u015fmeler ve beklentilerin payla\u015f\u0131laca\u011f\u0131 \u00f6nemli bir platform olu\u015fturaca\u011f\u0131, bilim insanlar\u0131n\u0131n ara\u015ft\u0131rmalar\u0131na ve \u00f6\u011frencilerimizin vizyonlar\u0131na \u00f6nemli katk\u0131lar sunaca\u011f\u0131 g\u00f6r\u00fc\u015f\u00fcndeyiz.<\/p>\n<p  style=\"padding-left: 40px;\" class=\"\">D\u00fczenleme Kurulu<\/p>\n\n<\/div>\n<\/div>\n<div  class=\"row center-xs middle-xs\">\n<div  class=\"col-sm-9\" data-type=\"column\"><img decoding=\"async\"  class=\"custom-image\" src=\"http:\/\/afiniteteknikleri1.idu.edu.tr\/wp-content\/uploads\/2019\/07\/Ekran-Resmi-2019-07-12-12.53.17.png\" alt=\"\" title=\"Ekran Resmi 2019-07-12 12.53.17\"><a  data-cp-link=\"1\" href=\"#\" class=\"\"><img loading=\"lazy\" decoding=\"async\"  class=\"custom-image aligncenter\" title=\"cropped-WhatsApp-Image-2019-05-27-at-16.15.41-5.jpeg\" src=\"http:\/\/afiniteteknikleri1.idu.edu.tr\/wp-content\/uploads\/2019\/05\/cropped-WhatsApp-Image-2019-05-27-at-16.15.41-5.jpeg\" alt=\"\" width=\"557\" height=\"796\"><\/a><\/div>\n<\/div>\n<\/div>\n<\/div><div  id=\"contact-1\" class=\"contact-1 content-section content-section-spacing white-text\" data-label=\"Contact\" data-id=\"contact-1\" data-export-id=\"contact-1\" data-category=\"contact\" data-parallax-depth=\"20\">\n<div  class=\"gridContainer\">\n<div  class=\"row text-center\">\n<div  class=\"section-title-col\" data-type=\"column\">\n<h2  class=\"\">Bize Ula\u015f\u0131n<\/h2>\n<p  class=\"lead\">Telefon:\n+90 232 2601001 Mail:\nafiniteteknikleri2019\n@idu.edu.tr\nAdres: \u00dc\u00e7kuyular Mahallesi, G\u00fcrsel Aksel Blv No:14, 35140 Karaba\u011flar\/\u0130zmir<\/p>\n<img decoding=\"async\"  class=\"custom-image aligncenter\" title=\"cropped-WhatsApp-Image-2019-05-27-at-16.15.41-4.jpeg\" src=\"http:\/\/afiniteteknikleri1.idu.edu.tr\/wp-content\/uploads\/2019\/05\/cropped-WhatsApp-Image-2019-05-27-at-16.15.41-4.jpeg\" alt=\"\"><img loading=\"lazy\" decoding=\"async\"  class=\"custom-image aligncenter\" title=\"Ekran Resmi 2019-06-14 10.32.53\" src=\"http:\/\/afiniteteknikleri1.idu.edu.tr\/wp-content\/uploads\/2019\/06\/Ekran-Resmi-2019-06-14-10.32.53.png\" alt=\"\" width=\"520\" height=\"320\">\n\n<\/div>\n<\/div>\n<div  class=\"row text-center\">\n<div  class=\"col-xs-12 col-sm-8 col-sm-offset-2 contact-form-wrapper inline-info\">\n<div  class=\"card large-padding\">\n<div  class=\"\" data-content-shortcode=\"mesmerize_contact_form shortcode=&quot;a&quot;\" data-editable=\"true\">[a]<\/div>\n<\/div>\n<\/div>\n<\/div>\n<\/div>\n<\/div>","protected":false},"excerpt":{"rendered":"<p>Sizi \u0130zmir Demokrasi \u00dcniversitesi, Ege \u00dcniversitesi, Dokuz Eyl\u00fcl \u00dcniversitesi ve Hacettepe \u00dcniversitesi katk\u0131lar\u0131 ile bu y\u0131l 13.\u2019s\u00fc d\u00fczenlenen Ulusal Afinite Teknikleri Kongresine bekliyoruz ! 4-6 Eyl\u00fcl 2019 tarihlerinde 13. Ulusal Afinite Teknikleri Kongresi etkinli\u011finin d\u00fczenlenmesini planlamaktay\u0131z. Etkinlik kapsam\u0131nda, sadece fen, t\u0131p, m\u00fchendislik b\u00f6l\u00fcmlerinde de\u011fil geni\u015f perspektifte ara\u015ft\u0131rma konular\u0131nda \u00e7al\u0131\u015fan farkl\u0131 \u00fcniversitelerden bilim insanlar\u0131n\u0131n bilgi ve&hellip; <br \/> <a class=\"read-more\" href=\"https:\/\/afiniteteknikleri2019.idu.edu.tr\/\">Read more<\/a><\/p>\n","protected":false},"author":1,"featured_media":0,"parent":0,"menu_order":0,"comment_status":"closed","ping_status":"closed","template":"page-templates\/homepage.php","meta":{"footnotes":""},"class_list":["post-15","page","type-page","status-publish","hentry"],"_links":{"self":[{"href":"https:\/\/afiniteteknikleri2019.idu.edu.tr\/index.php\/wp-json\/wp\/v2\/pages\/15","targetHints":{"allow":["GET"]}}],"collection":[{"href":"https:\/\/afiniteteknikleri2019.idu.edu.tr\/index.php\/wp-json\/wp\/v2\/pages"}],"about":[{"href":"https:\/\/afiniteteknikleri2019.idu.edu.tr\/index.php\/wp-json\/wp\/v2\/types\/page"}],"author":[{"embeddable":true,"href":"https:\/\/afiniteteknikleri2019.idu.edu.tr\/index.php\/wp-json\/wp\/v2\/users\/1"}],"replies":[{"embeddable":true,"href":"https:\/\/afiniteteknikleri2019.idu.edu.tr\/index.php\/wp-json\/wp\/v2\/comments?post=15"}],"version-history":[{"count":36,"href":"https:\/\/afiniteteknikleri2019.idu.edu.tr\/index.php\/wp-json\/wp\/v2\/pages\/15\/revisions"}],"predecessor-version":[{"id":392,"href":"https:\/\/afiniteteknikleri2019.idu.edu.tr\/index.php\/wp-json\/wp\/v2\/pages\/15\/revisions\/392"}],"wp:attachment":[{"href":"https:\/\/afiniteteknikleri2019.idu.edu.tr\/index.php\/wp-json\/wp\/v2\/media?parent=15"}],"curies":[{"name":"wp","href":"https:\/\/api.w.org\/{rel}","templated":true}]}}