{"id":139,"date":"2019-06-13T08:05:41","date_gmt":"2019-06-13T08:05:41","guid":{"rendered":"http:\/\/afiniteteknikleri2019.idu.edu.tr\/?page_id=139"},"modified":"2019-08-22T06:51:55","modified_gmt":"2019-08-22T06:51:55","slug":"kayit","status":"publish","type":"page","link":"https:\/\/afiniteteknikleri2019.idu.edu.tr\/index.php\/kayit\/","title":{"rendered":"Kay\u0131t"},"content":{"rendered":"\n<p style=\"text-align:center\">Kay\u0131t i\u00e7in a\u015fa\u011f\u0131daki linke t\u0131klad\u0131ktan sonra gelen formu doldurup, ard\u0131ndan altta verilen Hesap\/IBAN numaras\u0131na &nbsp;a\u00e7\u0131klama k\u0131sm\u0131na <strong><em>ad-soyad\u0131n\u0131z\u0131 <\/em><\/strong>yazarak kay\u0131t, konaklama, gala yeme\u011fi, sak\u0131z adas\u0131 turu \u00fccretleri yat\u0131r\u0131l\u0131p banka dekontu afiniteteknikleri2019@idu.edu.tr mail adresine g\u00f6nderilmelidir. <\/p>\n\n\n\n<p style=\"text-align:center\">Bildiri yollayacak kat\u0131l\u0131mc\u0131lar ek olarak afiniteteknikleri2019@idu.edu.tr mail adresine a\u015fa\u011f\u0131da belirtilen formatta bildirilerini g\u00f6ndermelidirler.<\/p>\n\n\n\n<p style=\"text-align:center\">Kay\u0131t \u00fccretine sunumlar aras\u0131 \u00e7ay ve kahve ikramlar\u0131 ile \u00f6\u011fle yeme\u011fi dahildir.<\/p>\n\n\n\n<div class=\"wp-block-button aligncenter\"><a class=\"wp-block-button__link\" href=\"https:\/\/docs.google.com\/forms\/d\/e\/1FAIpQLSeiuolevvXg_KsbGUL1IuQ13BNtrDZrMOk0sYEwwURjHnMz2Q\/viewform?usp=sf_link\ufeff\">KAYIT \u0130\u00c7\u0130N TIKLAYIN<\/a><\/div>\n\n\n\n<p style=\"text-align:center\" class=\"has-small-font-size\">\u0130zmir Demokrasi \u00dcniversitesi&nbsp;<br>Sa\u011fl\u0131k K\u00fclt\u00fcr ve Spor Daire Ba\u015fkanl\u0131\u011f\u0131&nbsp;<br>Kantin Kafeteryalar \u0130dari \u0130\u015fletmesi&nbsp;<br>13. Afinite Teknikleri Kongresi<br>Banka ad\u0131: Ziraat Bankas\u0131&nbsp;<br>\u015eube: Fahrettin Altay\/\u0130zmir \u015eubesi&nbsp;<br>Hesap no: 1533-83297832-5013&nbsp;<br>IBAN: TR490001001533832978325013 <\/p>\n\n\n\n<h2 class=\"wp-block-heading\">Kay\u0131t ve Sosyal Etkinlik \u0130\u015flemlerinin Tamamlanmas\u0131 Hakk\u0131nda<\/h2>\n\n\n\n<p>Kay\u0131t i\u015flemlerinin tamamlanmas\u0131 i\u00e7in (d\u00f6viz t\u00fcr\u00fcndeki \u00f6demenin yap\u0131ld\u0131\u011f\u0131 g\u00fcnk\u00fc merkez bankas\u0131 sat\u0131\u015f kurundan TL kar\u015f\u0131l\u0131\u011f\u0131) yukar\u0131da verilen kongrenin a\u00e7\u0131lm\u0131\u015f hesab\u0131na yat\u0131r\u0131lmas\u0131 gerekmektedir. <\/p>\n\n\n\n<p>Rezervasyonlar\u0131n kesin kay\u0131t i\u015flemine d\u00f6n\u00fc\u015febilmesi i\u00e7in, \u00f6demelerin yap\u0131l\u0131p makbuzlar\u0131n afiniteteknikleri@idu.edu.tr e-posta adresimize iletilmesi gerekmektedir. <\/p>\n\n\n\n<p><strong>Makbuzlar\u0131n iletilmesi i\u00e7in son g\u00fcn 25 A\u011fustos 2019 &#8216;dur. <\/strong><\/p>\n\n\n\n<h2 class=\"wp-block-heading\">Konaklama Hakk\u0131nda<\/h2>\n\n\n\n<p>Detaylar\u0131n\u0131 web sitemizin konaklama sekmesinde bulabilece\u011finiz konaklama se\u00e7enekleri:<\/p>\n\n\n\n<p>Gelir \u0130daresi Misafirhanesi: 50 TL (gecelik)<\/p>\n\n\n\n<p>Otel Dokuz Eyl\u00fcl Misafirhanesi:  100 TL (tek ki\u015fi oda gecelik fiyat\u0131) , 150 TL ( iki ki\u015filik oda gecelik fiyat\u0131) <\/p>\n\n\n\n<p>Bal\u00e7ova Termal Otel: Tek ki\u015filik oda 258 TL, \u0130ki ki\u015filik oda 382 TL<\/p>\n\n\n\n<h2 class=\"wp-block-heading\">\u00d6zet G\u00f6nderimi Hakk\u0131nda<\/h2>\n\n\n\n<p> BA\u015eLIK<br>Yazar1*, Yazar2<br>1 xxxx \u00dcniversitesi,&nbsp;<br>*mail<br>\u00d6ZET<br>\u00d6zet en fazla 300 kelime olmal\u0131, \u00f6zet i\u00e7erisinde \u015fekil bulunmamal\u0131 ve en fazla 5 adet referans verilmelidir. Yaz\u0131 tipi Verdana olmal\u0131 ve yaz\u0131 karakter b\u00fcy\u00fckl\u00fc\u011f\u00fc 11 olmal\u0131d\u0131r.<\/p>\n\n\n\n<p>Anahtar Kelimeler:&nbsp;<br>En fazla 5 anahtar kelime verilmeli, anahtar kelimeler virg\u00fcl ile ayr\u0131lmal\u0131.<br>KAYNAKLAR<br>T\u00fcrkmen D. Bereli N. \u00c7orman EM. Shaikh H. Akg\u00f6l S. Denizli.A.(2014).  Artificial Cells, Nanomedicine, and Biotechnology: An International Journal.42, 316-322 BA\u015eLIK <\/p>\n","protected":false},"excerpt":{"rendered":"<p>Kay\u0131t i\u00e7in a\u015fa\u011f\u0131daki linke t\u0131klad\u0131ktan sonra gelen formu doldurup, ard\u0131ndan altta verilen Hesap\/IBAN numaras\u0131na &nbsp;a\u00e7\u0131klama k\u0131sm\u0131na ad-soyad\u0131n\u0131z\u0131 yazarak kay\u0131t, konaklama, gala yeme\u011fi, sak\u0131z adas\u0131 turu \u00fccretleri yat\u0131r\u0131l\u0131p banka dekontu afiniteteknikleri2019@idu.edu.tr mail adresine g\u00f6nderilmelidir. Bildiri yollayacak kat\u0131l\u0131mc\u0131lar ek olarak afiniteteknikleri2019@idu.edu.tr mail adresine a\u015fa\u011f\u0131da belirtilen formatta bildirilerini g\u00f6ndermelidirler. Kay\u0131t \u00fccretine sunumlar aras\u0131 \u00e7ay ve kahve ikramlar\u0131 ile&hellip; <br \/> <a class=\"read-more\" href=\"https:\/\/afiniteteknikleri2019.idu.edu.tr\/index.php\/kayit\/\">Read more<\/a><\/p>\n","protected":false},"author":1,"featured_media":0,"parent":0,"menu_order":0,"comment_status":"closed","ping_status":"closed","template":"","meta":{"footnotes":""},"class_list":["post-139","page","type-page","status-publish","hentry"],"_links":{"self":[{"href":"https:\/\/afiniteteknikleri2019.idu.edu.tr\/index.php\/wp-json\/wp\/v2\/pages\/139","targetHints":{"allow":["GET"]}}],"collection":[{"href":"https:\/\/afiniteteknikleri2019.idu.edu.tr\/index.php\/wp-json\/wp\/v2\/pages"}],"about":[{"href":"https:\/\/afiniteteknikleri2019.idu.edu.tr\/index.php\/wp-json\/wp\/v2\/types\/page"}],"author":[{"embeddable":true,"href":"https:\/\/afiniteteknikleri2019.idu.edu.tr\/index.php\/wp-json\/wp\/v2\/users\/1"}],"replies":[{"embeddable":true,"href":"https:\/\/afiniteteknikleri2019.idu.edu.tr\/index.php\/wp-json\/wp\/v2\/comments?post=139"}],"version-history":[{"count":25,"href":"https:\/\/afiniteteknikleri2019.idu.edu.tr\/index.php\/wp-json\/wp\/v2\/pages\/139\/revisions"}],"predecessor-version":[{"id":308,"href":"https:\/\/afiniteteknikleri2019.idu.edu.tr\/index.php\/wp-json\/wp\/v2\/pages\/139\/revisions\/308"}],"wp:attachment":[{"href":"https:\/\/afiniteteknikleri2019.idu.edu.tr\/index.php\/wp-json\/wp\/v2\/media?parent=139"}],"curies":[{"name":"wp","href":"https:\/\/api.w.org\/{rel}","templated":true}]}}