{"id":113,"date":"2019-06-13T07:15:08","date_gmt":"2019-06-13T07:15:08","guid":{"rendered":"http:\/\/afiniteteknikleri2019.idu.edu.tr\/?page_id=113"},"modified":"2019-09-03T11:29:07","modified_gmt":"2019-09-03T11:29:07","slug":"organizasyon-komitesi","status":"publish","type":"page","link":"https:\/\/afiniteteknikleri2019.idu.edu.tr\/index.php\/organizasyon-komitesi\/","title":{"rendered":"Organizasyon Komitesi"},"content":{"rendered":"\n<ul class=\"wp-block-list\"><li>Dr. Kevser Ku\u015fat Ol<\/li><li>Dr. Kemal \u015eerbet\u00e7i<\/li><li>Dr. Gizem Kaleli Can<\/li><li>Dr. Sema \u00c7ar\u0131k\u00e7\u0131<\/li><li>Mert Hadimo\u011fullar\u0131<\/li><li>Abdoul Nzeyimana<\/li><li>Ahmet \u00c7if\u00e7i<\/li><li>Cansu \u0130lke Kuru<\/li><li>Damla Orhan<\/li><li>Ebru G\u00fcrsoy<\/li><li>Fatmag\u00fcl Gedik<\/li><li>Fulden Ulucan<\/li><li>Marina Isachenko Serin<\/li><li>Simge Er<\/li><li>\u0130brahim \u00dcnal<\/li><\/ul>\n\n\n\n<figure class=\"wp-block-image\"><img loading=\"lazy\" decoding=\"async\" width=\"1024\" height=\"830\" src=\"http:\/\/afiniteteknikleri1.idu.edu.tr\/wp-content\/uploads\/2019\/06\/2e873d46-0d11-4a23-97b9-3a96129fdab5-2-1024x830.jpg\" alt=\"\" class=\"wp-image-129\" srcset=\"https:\/\/afiniteteknikleri2019.idu.edu.tr\/wp-content\/uploads\/2019\/06\/2e873d46-0d11-4a23-97b9-3a96129fdab5-2-1024x830.jpg 1024w, https:\/\/afiniteteknikleri2019.idu.edu.tr\/wp-content\/uploads\/2019\/06\/2e873d46-0d11-4a23-97b9-3a96129fdab5-2-300x243.jpg 300w, https:\/\/afiniteteknikleri2019.idu.edu.tr\/wp-content\/uploads\/2019\/06\/2e873d46-0d11-4a23-97b9-3a96129fdab5-2-768x622.jpg 768w, https:\/\/afiniteteknikleri2019.idu.edu.tr\/wp-content\/uploads\/2019\/06\/2e873d46-0d11-4a23-97b9-3a96129fdab5-2.jpg 1054w\" sizes=\"auto, (max-width: 1024px) 100vw, 1024px\" \/><\/figure>\n\n\n\n<ul class=\"wp-block-gallery columns-2 is-cropped wp-block-gallery-1 is-layout-flex wp-block-gallery-is-layout-flex\"><li class=\"blocks-gallery-item\"><figure><img loading=\"lazy\" decoding=\"async\" width=\"768\" height=\"1024\" src=\"http:\/\/afiniteteknikleri1.idu.edu.tr\/wp-content\/uploads\/2019\/06\/WhatsApp-Image-2019-05-16-at-14.33.30-768x1024.jpeg\" alt=\"\" data-id=\"123\" class=\"wp-image-123\" srcset=\"https:\/\/afiniteteknikleri2019.idu.edu.tr\/wp-content\/uploads\/2019\/06\/WhatsApp-Image-2019-05-16-at-14.33.30-768x1024.jpeg 768w, https:\/\/afiniteteknikleri2019.idu.edu.tr\/wp-content\/uploads\/2019\/06\/WhatsApp-Image-2019-05-16-at-14.33.30-225x300.jpeg 225w, https:\/\/afiniteteknikleri2019.idu.edu.tr\/wp-content\/uploads\/2019\/06\/WhatsApp-Image-2019-05-16-at-14.33.30-1024x1364.jpeg 1024w, https:\/\/afiniteteknikleri2019.idu.edu.tr\/wp-content\/uploads\/2019\/06\/WhatsApp-Image-2019-05-16-at-14.33.30-811x1080.jpeg 811w, https:\/\/afiniteteknikleri2019.idu.edu.tr\/wp-content\/uploads\/2019\/06\/WhatsApp-Image-2019-05-16-at-14.33.30.jpeg 1200w\" sizes=\"auto, (max-width: 768px) 100vw, 768px\" \/><\/figure><\/li><li class=\"blocks-gallery-item\"><figure><img loading=\"lazy\" decoding=\"async\" width=\"1024\" height=\"768\" src=\"http:\/\/afiniteteknikleri1.idu.edu.tr\/wp-content\/uploads\/2019\/06\/WhatsApp-Image-2019-05-23-at-14.24.29-1024x768.jpeg\" alt=\"\" data-id=\"125\" data-link=\"http:\/\/afiniteteknikleri1.idu.edu.tr\/index.php\/organizasyon-komitesi\/whatsapp-image-2019-05-23-at-14-24-29-2\/\" class=\"wp-image-125\" srcset=\"https:\/\/afiniteteknikleri2019.idu.edu.tr\/wp-content\/uploads\/2019\/06\/WhatsApp-Image-2019-05-23-at-14.24.29.jpeg 1024w, https:\/\/afiniteteknikleri2019.idu.edu.tr\/wp-content\/uploads\/2019\/06\/WhatsApp-Image-2019-05-23-at-14.24.29-300x225.jpeg 300w, https:\/\/afiniteteknikleri2019.idu.edu.tr\/wp-content\/uploads\/2019\/06\/WhatsApp-Image-2019-05-23-at-14.24.29-768x576.jpeg 768w\" sizes=\"auto, (max-width: 1024px) 100vw, 1024px\" \/><\/figure><\/li><\/ul>\n","protected":false},"excerpt":{"rendered":"<p>Dr. Kevser Ku\u015fat Ol Dr. Kemal \u015eerbet\u00e7i Dr. Gizem Kaleli Can Dr. Sema \u00c7ar\u0131k\u00e7\u0131 Mert Hadimo\u011fullar\u0131 Abdoul Nzeyimana Ahmet \u00c7if\u00e7i Cansu \u0130lke Kuru Damla Orhan Ebru G\u00fcrsoy Fatmag\u00fcl Gedik Fulden Ulucan Marina Isachenko Serin Simge Er \u0130brahim \u00dcnal<\/p>\n","protected":false},"author":1,"featured_media":0,"parent":0,"menu_order":0,"comment_status":"closed","ping_status":"closed","template":"","meta":{"footnotes":""},"class_list":["post-113","page","type-page","status-publish","hentry"],"_links":{"self":[{"href":"https:\/\/afiniteteknikleri2019.idu.edu.tr\/index.php\/wp-json\/wp\/v2\/pages\/113","targetHints":{"allow":["GET"]}}],"collection":[{"href":"https:\/\/afiniteteknikleri2019.idu.edu.tr\/index.php\/wp-json\/wp\/v2\/pages"}],"about":[{"href":"https:\/\/afiniteteknikleri2019.idu.edu.tr\/index.php\/wp-json\/wp\/v2\/types\/page"}],"author":[{"embeddable":true,"href":"https:\/\/afiniteteknikleri2019.idu.edu.tr\/index.php\/wp-json\/wp\/v2\/users\/1"}],"replies":[{"embeddable":true,"href":"https:\/\/afiniteteknikleri2019.idu.edu.tr\/index.php\/wp-json\/wp\/v2\/comments?post=113"}],"version-history":[{"count":11,"href":"https:\/\/afiniteteknikleri2019.idu.edu.tr\/index.php\/wp-json\/wp\/v2\/pages\/113\/revisions"}],"predecessor-version":[{"id":353,"href":"https:\/\/afiniteteknikleri2019.idu.edu.tr\/index.php\/wp-json\/wp\/v2\/pages\/113\/revisions\/353"}],"wp:attachment":[{"href":"https:\/\/afiniteteknikleri2019.idu.edu.tr\/index.php\/wp-json\/wp\/v2\/media?parent=113"}],"curies":[{"name":"wp","href":"https:\/\/api.w.org\/{rel}","templated":true}]}}