{"id":100,"date":"2019-05-31T07:49:22","date_gmt":"2019-05-31T07:49:22","guid":{"rendered":"http:\/\/afiniteteknikleri2019.idu.edu.tr\/?page_id=100"},"modified":"2019-08-19T10:39:15","modified_gmt":"2019-08-19T10:39:15","slug":"konaklama-ve-ulasim","status":"publish","type":"page","link":"https:\/\/afiniteteknikleri2019.idu.edu.tr\/index.php\/konaklama-ve-ulasim\/","title":{"rendered":"Konaklama"},"content":{"rendered":"\n<p>Konaklama se\u00e7enekleri 23 A\u011fustos 2019 tarihine kadar ge\u00e7erlidir.<\/p>\n\n\n\n<table class=\"wp-block-table\"><tbody><tr><td>Gelir \u0130daresi Misafirhanesi<\/td><td>50 TL (ki\u015fi ba\u015f\u0131 gecelik)<\/td><\/tr><tr><td>Dokuz Eyl\u00fcl Misafirhanesi<\/td><td>100 TL (tek ki\u015fi oda gecelik fiyat\u0131) , 150 TL ( iki ki\u015filik oda gecelik fiyat\u0131)<\/td><\/tr><tr><td>Bal\u00e7ova Termal Otel<\/td><td>258 TL (tek ki\u015filik oda gecelik ), 382 TL ( iki ki\u015filik oda gecelik fiyat\u0131)<\/td><\/tr><\/tbody><\/table>\n\n\n\n<figure class=\"wp-block-image\"><img loading=\"lazy\" decoding=\"async\" width=\"1024\" height=\"768\" src=\"http:\/\/afiniteteknikleri1.idu.edu.tr\/wp-content\/uploads\/2019\/06\/tae2zgaxzflmr58or4yi-1-1024x768.jpg\" alt=\"\" class=\"wp-image-211\" srcset=\"https:\/\/afiniteteknikleri2019.idu.edu.tr\/wp-content\/uploads\/2019\/06\/tae2zgaxzflmr58or4yi-1-1024x768.jpg 1024w, https:\/\/afiniteteknikleri2019.idu.edu.tr\/wp-content\/uploads\/2019\/06\/tae2zgaxzflmr58or4yi-1-300x225.jpg 300w, https:\/\/afiniteteknikleri2019.idu.edu.tr\/wp-content\/uploads\/2019\/06\/tae2zgaxzflmr58or4yi-1-768x576.jpg 768w, https:\/\/afiniteteknikleri2019.idu.edu.tr\/wp-content\/uploads\/2019\/06\/tae2zgaxzflmr58or4yi-1-1441x1080.jpg 1441w, https:\/\/afiniteteknikleri2019.idu.edu.tr\/wp-content\/uploads\/2019\/06\/tae2zgaxzflmr58or4yi-1.jpg 1921w\" sizes=\"auto, (max-width: 1024px) 100vw, 1024px\" \/><figcaption> <br><br><\/figcaption><\/figure>\n","protected":false},"excerpt":{"rendered":"<p>Konaklama se\u00e7enekleri 23 A\u011fustos 2019 tarihine kadar ge\u00e7erlidir. Gelir \u0130daresi Misafirhanesi 50 TL (ki\u015fi ba\u015f\u0131 gecelik) Dokuz Eyl\u00fcl Misafirhanesi 100 TL (tek ki\u015fi oda gecelik fiyat\u0131) , 150 TL ( iki ki\u015filik oda gecelik fiyat\u0131) Bal\u00e7ova Termal Otel 258 TL (tek ki\u015filik oda gecelik ), 382 TL ( iki ki\u015filik oda gecelik fiyat\u0131)<\/p>\n","protected":false},"author":1,"featured_media":0,"parent":0,"menu_order":0,"comment_status":"closed","ping_status":"closed","template":"","meta":{"footnotes":""},"class_list":["post-100","page","type-page","status-publish","hentry"],"_links":{"self":[{"href":"https:\/\/afiniteteknikleri2019.idu.edu.tr\/index.php\/wp-json\/wp\/v2\/pages\/100","targetHints":{"allow":["GET"]}}],"collection":[{"href":"https:\/\/afiniteteknikleri2019.idu.edu.tr\/index.php\/wp-json\/wp\/v2\/pages"}],"about":[{"href":"https:\/\/afiniteteknikleri2019.idu.edu.tr\/index.php\/wp-json\/wp\/v2\/types\/page"}],"author":[{"embeddable":true,"href":"https:\/\/afiniteteknikleri2019.idu.edu.tr\/index.php\/wp-json\/wp\/v2\/users\/1"}],"replies":[{"embeddable":true,"href":"https:\/\/afiniteteknikleri2019.idu.edu.tr\/index.php\/wp-json\/wp\/v2\/comments?post=100"}],"version-history":[{"count":14,"href":"https:\/\/afiniteteknikleri2019.idu.edu.tr\/index.php\/wp-json\/wp\/v2\/pages\/100\/revisions"}],"predecessor-version":[{"id":304,"href":"https:\/\/afiniteteknikleri2019.idu.edu.tr\/index.php\/wp-json\/wp\/v2\/pages\/100\/revisions\/304"}],"wp:attachment":[{"href":"https:\/\/afiniteteknikleri2019.idu.edu.tr\/index.php\/wp-json\/wp\/v2\/media?parent=100"}],"curies":[{"name":"wp","href":"https:\/\/api.w.org\/{rel}","templated":true}]}}